{"id":191,"date":"2014-03-29T10:05:58","date_gmt":"2014-03-29T10:05:58","guid":{"rendered":"http:\/\/papeteria-academica.com\/?page_id=191"},"modified":"2019-01-08T11:56:21","modified_gmt":"2019-01-08T11:56:21","slug":"contact","status":"publish","type":"page","link":"https:\/\/kikkula.com\/?page_id=191","title":{"rendered":"CONTACT"},"content":{"rendered":"\n<p>kikkula &#8211; mostly paper, Uta &amp; Tuna \u00c7iner<\/p>\n\n\n\n<p>Atat\u00fcrk Caddesi 74, G\u00fcm\u00fc\u015fl\u00fck, <\/p>\n\n\n\n<p>48970 Bodrum, Turkey<\/p>\n\n\n\n<p>Tel. 0090 544 650 14 07  &#8211;  info@kikkula.com<\/p>\n\n\n\n<p><\/p>\n","protected":false},"excerpt":{"rendered":"<p>kikkula &#8211; mostly paper, Uta &amp; Tuna \u00c7iner Atat\u00fcrk Caddesi 74, G\u00fcm\u00fc\u015fl\u00fck, 48970 Bodrum, Turkey Tel. 0090 544 650 14 07 &#8211; info@kikkula.com<\/p>\n","protected":false},"author":1,"featured_media":0,"parent":0,"menu_order":0,"comment_status":"open","ping_status":"open","template":"","meta":{"spay_email":""},"jetpack_sharing_enabled":true,"jetpack_shortlink":"https:\/\/wp.me\/P4XZou-35","_links":{"self":[{"href":"https:\/\/kikkula.com\/index.php?rest_route=\/wp\/v2\/pages\/191"}],"collection":[{"href":"https:\/\/kikkula.com\/index.php?rest_route=\/wp\/v2\/pages"}],"about":[{"href":"https:\/\/kikkula.com\/index.php?rest_route=\/wp\/v2\/types\/page"}],"author":[{"embeddable":true,"href":"https:\/\/kikkula.com\/index.php?rest_route=\/wp\/v2\/users\/1"}],"replies":[{"embeddable":true,"href":"https:\/\/kikkula.com\/index.php?rest_route=%2Fwp%2Fv2%2Fcomments&post=191"}],"version-history":[{"count":4,"href":"https:\/\/kikkula.com\/index.php?rest_route=\/wp\/v2\/pages\/191\/revisions"}],"predecessor-version":[{"id":2719,"href":"https:\/\/kikkula.com\/index.php?rest_route=\/wp\/v2\/pages\/191\/revisions\/2719"}],"wp:attachment":[{"href":"https:\/\/kikkula.com\/index.php?rest_route=%2Fwp%2Fv2%2Fmedia&parent=191"}],"curies":[{"name":"wp","href":"https:\/\/api.w.org\/{rel}","templated":true}]}}